{"id":1984,"date":"2024-01-27T03:37:55","date_gmt":"2024-01-27T02:37:55","guid":{"rendered":"https:\/\/esnamargentina.com\/?page_id=1984"},"modified":"2024-01-27T04:19:48","modified_gmt":"2024-01-27T03:19:48","slug":"inyeccion-electronica","status":"publish","type":"page","link":"https:\/\/esnamargentina.com\/index.php\/inyeccion-electronica\/","title":{"rendered":"INYECCI\u00d3N ELECTR\u00d3NICA"},"content":{"rendered":"<p><\/p><div class=\"wp-block-stackable-columns alignwide stk-block-columns stk-block stk-88ea420\" data-block-id=\"88ea420\"><div class=\"stk-row stk-inner-blocks stk-block-content stk-content-align stk-88ea420-column alignwide\"><div class=\"wp-block-stackable-column stk-block-column stk-column stk-block stk-6b31bb8\" data-v=\"4\" data-block-id=\"6b31bb8\"><style>.stk-6b31bb8{border-top-left-radius:30px !important;border-top-right-radius:30px !important;border-bottom-right-radius:30px !important;border-bottom-left-radius:30px !important;overflow:hidden !important;padding-top:10px !important;padding-right:10px !important;padding-bottom:10px !important;padding-left:10px !important}<\/style><div class=\"stk-column-wrapper stk-block-column__content stk-container stk-6b31bb8-container stk--no-background stk--no-padding\"><div class=\"stk-block-content stk-inner-blocks stk-6b31bb8-inner-blocks\"><div class=\"wp-block-stackable-columns stk-block-columns stk-block stk-8193d5d\" data-block-id=\"8193d5d\"><div class=\"stk-row stk-inner-blocks stk-block-content stk-content-align stk-8193d5d-column\"><div class=\"wp-block-stackable-column stk-block-column stk-column stk-block stk-baf911e\" data-v=\"4\" data-block-id=\"baf911e\"><div class=\"stk-column-wrapper stk-block-column__content stk-container stk-baf911e-container stk--no-background stk--no-padding\"><div class=\"stk-block-content stk-inner-blocks stk-baf911e-inner-blocks\"><div class=\"wp-block-stackable-card stk-block-card stk-block stk-44756df is-style-default\" data-v=\"2\" data-block-id=\"44756df\"><style>.stk-44756df{border-top-left-radius:50px !important;border-top-right-radius:50px !important;border-bottom-right-radius:50px !important;border-bottom-left-radius:50px !important;overflow:hidden !important;box-shadow:0px 70px 90px -20px rgba(72,73,121,0.30) !important}.stk-44756df-container{border-top-left-radius:30px !important;border-top-right-radius:30px !important;border-bottom-right-radius:30px !important;border-bottom-left-radius:30px !important;overflow:hidden !important;box-shadow:0px 70px 90px -20px rgba(72,73,121,0.30) !important}.stk-44756df .stk-block-card__image{height:877px !important}<\/style><div class=\"stk--no-padding stk-container stk-44756df-container stk-hover-parent\"><figure class=\"stk-block-card__image stk-img-wrapper stk-image--shape-stretch\"><img loading=\"lazy\" decoding=\"async\" class=\"stk-img wp-image-1808\" src=\"https:\/\/esnamargentina.com\/wp-content\/uploads\/2024\/01\/c_url_original.scl8l2i05vx2.jpg\" width=\"600\" height=\"400\" srcset=\"https:\/\/esnamargentina.com\/wp-content\/uploads\/2024\/01\/c_url_original.scl8l2i05vx2.jpg 600w, https:\/\/esnamargentina.com\/wp-content\/uploads\/2024\/01\/c_url_original.scl8l2i05vx2-300x200.jpg 300w, https:\/\/esnamargentina.com\/wp-content\/uploads\/2024\/01\/c_url_original.scl8l2i05vx2-64x43.jpg 64w\" sizes=\"(max-width: 600px) 100vw, 600px\" \/><\/figure><div class=\"stk-container-padding stk-block-card__content\"><div class=\"stk-block-content stk-inner-blocks stk-44756df-inner-blocks\"><div class=\"wp-block-stackable-text stk-block-text stk-block stk-061ee2d\" data-block-id=\"061ee2d\"><style>.stk-061ee2d{margin-bottom:0px !important}.stk-061ee2d .stk-block-text__text{font-size:25px !important;color:#000000 !important}@media screen and (max-width:999px){.stk-061ee2d .stk-block-text__text{font-size:25px !important}}<\/style><p class=\"stk-block-text__text has-text-color\"><strong>VIDEOS GRABADOS<\/strong><\/p><\/div>\n\n<div class=\"wp-block-stackable-text stk-block-text stk-block stk-2a81cd6\" data-block-id=\"2a81cd6\"><style>.stk-2a81cd6{margin-bottom:0px !important}.stk-2a81cd6 .stk-block-text__text{font-size:25px !important;color:#000000 !important}@media screen and (max-width:999px){.stk-2a81cd6 .stk-block-text__text{font-size:25px !important}}<\/style><p class=\"stk-block-text__text has-text-color\"><span style=\"color: var(--theme-palette-color-4, #1E262E);\" class=\"stk-highlight\"><strong>3 MODULOS (3 MESES) (B\u00c1SICO, INTERMEDIO Y AVANZADO)<\/strong><\/span><\/p><\/div>\n\n<p class=\"has-palette-color-4-color has-text-color has-link-color has-medium-font-size wp-elements-b23d164fd9d3d9ae1717d599b63a639a\"><span style=\"color: var(--theme-palette-color-4, #1E262E);\" class=\"stk-highlight\"><strong>CADA M\u00d3DULO CONSTA DE 8 A 10 V\u00cdDEOS DE 1 A 2 HORAS.<\/strong><\/span><\/p>\n\n<p class=\"has-palette-color-4-color has-text-color has-link-color has-medium-font-size wp-elements-4f73d6905781810235b8eca9d50b349b\"><span style=\"color: var(--theme-palette-color-4, #1E262E);\" class=\"stk-highlight\"><strong>SE ENTREGA CERTIFICACI\u00d3N<\/strong><\/span><\/p>\n\n<div class=\"wp-block-stackable-button-group stk-block-button-group stk-block stk-bbf2d2d\" data-block-id=\"bbf2d2d\"><div class=\"stk-row stk-inner-blocks has-text-align-center stk-block-content stk-button-group\"><div class=\"wp-block-stackable-button stk-block-button has-text-align-center stk-block stk-bf96170\" data-block-id=\"bf96170\"><style>.stk-bf96170{border-top-left-radius:30px !important;border-top-right-radius:30px !important;border-bottom-right-radius:30px !important;border-bottom-left-radius:30px !important;overflow:hidden !important;box-shadow:0px 70px 90px -20px rgba(72,73,121,0.30) !important}.stk-bf96170 .stk-button__inner-text{font-size:30px !important}@media screen and (max-width:999px){.stk-bf96170 .stk-button__inner-text{font-size:30px !important}}<\/style><a class=\"stk-link stk-button stk--hover-effect-darken\" href=\"https:\/\/api.whatsapp.com\/send?phone=923230196\"><span class=\"stk-button__inner-text\"><strong>CONTACTOS<\/strong><\/span><\/a><\/div><\/div><\/div><\/div><\/div><\/div><\/div><\/div><\/div><\/div><\/div><\/div><\/div><\/div><\/div><\/div><\/div>","protected":false},"excerpt":{"rendered":"<p>VIDEOS GRABADOS 3 MODULOS (3 MESES) (B\u00c1SICO, INTERMEDIO Y AVANZADO) CADA M\u00d3DULO CONSTA DE 8 A 10 V\u00cdDEOS DE 1 A 2 HORAS. SE ENTREGA CERTIFICACI\u00d3N CONTACTOS<\/p>\n","protected":false},"author":1,"featured_media":0,"parent":0,"menu_order":0,"comment_status":"closed","ping_status":"closed","template":"","meta":{"footnotes":""},"blocksy_meta":[],"_links":{"self":[{"href":"https:\/\/esnamargentina.com\/index.php\/wp-json\/wp\/v2\/pages\/1984"}],"collection":[{"href":"https:\/\/esnamargentina.com\/index.php\/wp-json\/wp\/v2\/pages"}],"about":[{"href":"https:\/\/esnamargentina.com\/index.php\/wp-json\/wp\/v2\/types\/page"}],"author":[{"embeddable":true,"href":"https:\/\/esnamargentina.com\/index.php\/wp-json\/wp\/v2\/users\/1"}],"replies":[{"embeddable":true,"href":"https:\/\/esnamargentina.com\/index.php\/wp-json\/wp\/v2\/comments?post=1984"}],"version-history":[{"count":4,"href":"https:\/\/esnamargentina.com\/index.php\/wp-json\/wp\/v2\/pages\/1984\/revisions"}],"predecessor-version":[{"id":2000,"href":"https:\/\/esnamargentina.com\/index.php\/wp-json\/wp\/v2\/pages\/1984\/revisions\/2000"}],"wp:attachment":[{"href":"https:\/\/esnamargentina.com\/index.php\/wp-json\/wp\/v2\/media?parent=1984"}],"curies":[{"name":"wp","href":"https:\/\/api.w.org\/{rel}","templated":true}]}}