{"id":3660,"date":"2024-03-11T17:41:26","date_gmt":"2024-03-11T16:41:26","guid":{"rendered":"https:\/\/esnamargentina.com\/?post_type=product&#038;p=3660"},"modified":"2024-03-11T17:41:26","modified_gmt":"2024-03-11T16:41:26","slug":"inyeccion-electronica-y-diagnostico-4","status":"publish","type":"product","link":"https:\/\/esnamargentina.com\/index.php\/producto\/inyeccion-electronica-y-diagnostico-4\/","title":{"rendered":"INYECCION ELECTRONICA Y DIAGNOSTICO 4"},"content":{"rendered":"<p>Localizaci\u00f3n de componentes, m\u00f3dulos electr\u00f3nicos rel\u00e9s, porta fusibleras, c\u00f3digos de aver\u00edas, funcionamiento de los sensores y actuadores, falla que ocasiona y localizaci\u00f3n de fallas<br \/>\nDiagnostico mediante esquemas el\u00e9ctricos y valores comparativos medici\u00f3n en voltaje frecuencia resistencia<\/p>\n","protected":false},"excerpt":{"rendered":"<p>Localizaci\u00f3n de componentes, m\u00f3dulos electr\u00f3nicos rel\u00e9s, porta fusibleras, c\u00f3digos de aver\u00edas, funcionamiento de los sensores y actuadores, falla que ocasiona y localizaci\u00f3n de fallas<br \/>\nDiagnostico mediante esquemas el\u00e9ctricos y valores comparativos medici\u00f3n en voltaje frecuencia resistencia<\/p>\n","protected":false},"featured_media":3661,"comment_status":"open","ping_status":"closed","template":"","meta":[],"product_cat":[27],"product_tag":[],"_links":{"self":[{"href":"https:\/\/esnamargentina.com\/index.php\/wp-json\/wp\/v2\/product\/3660"}],"collection":[{"href":"https:\/\/esnamargentina.com\/index.php\/wp-json\/wp\/v2\/product"}],"about":[{"href":"https:\/\/esnamargentina.com\/index.php\/wp-json\/wp\/v2\/types\/product"}],"replies":[{"embeddable":true,"href":"https:\/\/esnamargentina.com\/index.php\/wp-json\/wp\/v2\/comments?post=3660"}],"wp:featuredmedia":[{"embeddable":true,"href":"https:\/\/esnamargentina.com\/index.php\/wp-json\/wp\/v2\/media\/3661"}],"wp:attachment":[{"href":"https:\/\/esnamargentina.com\/index.php\/wp-json\/wp\/v2\/media?parent=3660"}],"wp:term":[{"taxonomy":"product_cat","embeddable":true,"href":"https:\/\/esnamargentina.com\/index.php\/wp-json\/wp\/v2\/product_cat?post=3660"},{"taxonomy":"product_tag","embeddable":true,"href":"https:\/\/esnamargentina.com\/index.php\/wp-json\/wp\/v2\/product_tag?post=3660"}],"curies":[{"name":"wp","href":"https:\/\/api.w.org\/{rel}","templated":true}]}}