{"id":4874,"date":"2026-01-10T21:19:59","date_gmt":"2026-01-10T20:19:59","guid":{"rendered":"https:\/\/esnamargentina.com\/?post_type=product&#038;p=4874"},"modified":"2026-04-26T21:20:37","modified_gmt":"2026-04-26T19:20:37","slug":"inscribete","status":"publish","type":"product","link":"https:\/\/esnamargentina.com\/index.php\/producto\/inscribete\/","title":{"rendered":"Inscr\u00edbete"},"content":{"rendered":"","protected":false},"excerpt":{"rendered":"<p>Inscripci\u00f3n presencial, se realizara la validaci\u00f3n de la compra en caja.<\/p>\n","protected":false},"featured_media":5178,"comment_status":"open","ping_status":"closed","template":"","meta":[],"product_cat":[28],"product_tag":[],"_links":{"self":[{"href":"https:\/\/esnamargentina.com\/index.php\/wp-json\/wp\/v2\/product\/4874"}],"collection":[{"href":"https:\/\/esnamargentina.com\/index.php\/wp-json\/wp\/v2\/product"}],"about":[{"href":"https:\/\/esnamargentina.com\/index.php\/wp-json\/wp\/v2\/types\/product"}],"replies":[{"embeddable":true,"href":"https:\/\/esnamargentina.com\/index.php\/wp-json\/wp\/v2\/comments?post=4874"}],"wp:featuredmedia":[{"embeddable":true,"href":"https:\/\/esnamargentina.com\/index.php\/wp-json\/wp\/v2\/media\/5178"}],"wp:attachment":[{"href":"https:\/\/esnamargentina.com\/index.php\/wp-json\/wp\/v2\/media?parent=4874"}],"wp:term":[{"taxonomy":"product_cat","embeddable":true,"href":"https:\/\/esnamargentina.com\/index.php\/wp-json\/wp\/v2\/product_cat?post=4874"},{"taxonomy":"product_tag","embeddable":true,"href":"https:\/\/esnamargentina.com\/index.php\/wp-json\/wp\/v2\/product_tag?post=4874"}],"curies":[{"name":"wp","href":"https:\/\/api.w.org\/{rel}","templated":true}]}}