{"id":5116,"date":"2026-02-13T22:03:38","date_gmt":"2026-02-13T21:03:38","guid":{"rendered":"https:\/\/esnamargentina.com\/?post_type=product&#038;p=5116"},"modified":"2026-02-22T19:34:53","modified_gmt":"2026-02-22T18:34:53","slug":"matricula","status":"publish","type":"product","link":"https:\/\/esnamargentina.com\/index.php\/producto\/matricula\/","title":{"rendered":"Matricula"},"content":{"rendered":"","protected":false},"excerpt":{"rendered":"<p>Matric\u00falate en l\u00ednea por solo 130 soles de forma autom\u00e1tica.<\/p>\n","protected":false},"featured_media":5179,"comment_status":"open","ping_status":"closed","template":"","meta":[],"product_cat":[28],"product_tag":[],"_links":{"self":[{"href":"https:\/\/esnamargentina.com\/index.php\/wp-json\/wp\/v2\/product\/5116"}],"collection":[{"href":"https:\/\/esnamargentina.com\/index.php\/wp-json\/wp\/v2\/product"}],"about":[{"href":"https:\/\/esnamargentina.com\/index.php\/wp-json\/wp\/v2\/types\/product"}],"replies":[{"embeddable":true,"href":"https:\/\/esnamargentina.com\/index.php\/wp-json\/wp\/v2\/comments?post=5116"}],"wp:featuredmedia":[{"embeddable":true,"href":"https:\/\/esnamargentina.com\/index.php\/wp-json\/wp\/v2\/media\/5179"}],"wp:attachment":[{"href":"https:\/\/esnamargentina.com\/index.php\/wp-json\/wp\/v2\/media?parent=5116"}],"wp:term":[{"taxonomy":"product_cat","embeddable":true,"href":"https:\/\/esnamargentina.com\/index.php\/wp-json\/wp\/v2\/product_cat?post=5116"},{"taxonomy":"product_tag","embeddable":true,"href":"https:\/\/esnamargentina.com\/index.php\/wp-json\/wp\/v2\/product_tag?post=5116"}],"curies":[{"name":"wp","href":"https:\/\/api.w.org\/{rel}","templated":true}]}}